{"id":105,"date":"2024-02-25T16:32:12","date_gmt":"2024-02-25T15:32:12","guid":{"rendered":"https:\/\/www.esserre.it\/?page_id=105"},"modified":"2024-02-28T22:28:57","modified_gmt":"2024-02-28T21:28:57","slug":"descrizione-progetto","status":"publish","type":"page","link":"https:\/\/www.esserre.it\/index.php\/descrizione-progetto\/","title":{"rendered":""},"content":{"rendered":"\n<div class=\"wp-block-columns is-layout-flex wp-container-core-columns-is-layout-9d6595d7 wp-block-columns-is-layout-flex\">\n<div class=\"wp-block-column is-layout-flow wp-block-column-is-layout-flow\"><\/div>\n\n\n\n<div class=\"wp-block-column is-layout-flow wp-block-column-is-layout-flow\"><\/div>\n<\/div>\n\n\n\n<p><strong>POR MARCHE FESR 2014\/2020 &#8211; ASSE 1 &#8211; AZIONE 1.3 &#8211; INTERVENTO 1.3.1 \u2013 \u201cPromuovere i processi di innovazione aziendale e l\u2019utilizzo di nuove tecnologie digitali\u201d &#8211; TRANSIZIONE TECNOLOGICA E DIGITALE DEI PROCESSI PRODUTTIVI E DELL\u2019ORGANIZZAZIONE<\/strong><strong><\/strong><\/p>\n\n\n\n<div class=\"wp-block-cover\" style=\"min-height:117px;aspect-ratio:unset;\"><span aria-hidden=\"true\" class=\"wp-block-cover__background has-background-dim\"><\/span><img loading=\"lazy\" decoding=\"async\" width=\"1570\" height=\"375\" class=\"wp-block-cover__image-background wp-image-139\" alt=\"\" src=\"https:\/\/www.esserre.it\/wp-content\/uploads\/2024\/02\/logo-pro.jpg\" data-object-fit=\"cover\" srcset=\"https:\/\/www.esserre.it\/wp-content\/uploads\/2024\/02\/logo-pro.jpg 1570w, https:\/\/www.esserre.it\/wp-content\/uploads\/2024\/02\/logo-pro-300x72.jpg 300w, https:\/\/www.esserre.it\/wp-content\/uploads\/2024\/02\/logo-pro-1024x245.jpg 1024w, https:\/\/www.esserre.it\/wp-content\/uploads\/2024\/02\/logo-pro-768x183.jpg 768w, https:\/\/www.esserre.it\/wp-content\/uploads\/2024\/02\/logo-pro-1536x367.jpg 1536w\" sizes=\"auto, (max-width: 1570px) 100vw, 1570px\" \/><div class=\"wp-block-cover__inner-container is-layout-constrained wp-block-cover-is-layout-constrained\">\n<p class=\"has-text-align-center has-large-font-size\"><strong>La tranceria I4.0<\/strong><\/p>\n<\/div><\/div>\n\n\n\n<h2 class=\"wp-block-heading\">ESSERRE di Stefano Renzi &#8211; La tranceria I4.0<\/h2>\n\n\n\n<p>Il programma di investimento realizzato ha riguardato principalmente interventi di innovazione tecnologica e digitale che ha permesso una maggior pianificazione della produzione, un maggior controllo sul consumo delle materie prime e un aumento della qualit\u00e0 dei prodotti, che porteranno complessivamente ad un aumento della marginalit\u00e0 e conseguentemente del fatturato.<\/p>\n\n\n\n<h2 class=\"wp-block-heading\">DESCRIZIONE DEL PROGETTO<\/h2>\n\n\n\n<p> <\/p>\n\n\n\n<p>L\u2019azienda, nell\u2019ottica di velocizzare anche i tempi di consegna delle commesse ed incrementare i lotti di produzione, ha acquistato un nuovo macchinario in logica 4.0, nello specifico si tratta di una macchina da taglio automatica a controllo numerico comprensiva di software per la gestione degli ordini, taglio e ottimizzazione delle prestazioni dei posizionamenti. Oltre a questo investimento l\u2019azienda ha deciso di acquistare anche un nuovo PC necessario alla visualizzazione dei dati raccolti dalle macchine in logica Industry 4.0 con lo scopo di aumentare in controllo e la supervisione sul livello di avanzamento della produzione e la condivisione dei dati con i clienti in una logica di integrazione logistica di filiera.<\/p>\n\n\n\n<h2 class=\"wp-block-heading\">OBIETTIVI<\/h2>\n\n\n\n<p>Ampliamento capacit\u00e0 produttiva<br>Innovazione tecnologica e digitale dei processi<br>Aumento della marginalit\u00e0 con riduzione dei costi e aumento del fatturato<\/p>\n\n\n\n<h2 class=\"wp-block-heading\">RISULTATI<\/h2>\n\n\n\n<p> <\/p>\n\n\n\n<p>Aumento della capacit\u00e0 produttiva e della qualit\u00e0 del prodotto finito<br>Snellimento del processo produttivo e ottimizzazione quantit\u00e0 di scarto<br>Diminuzione del lead-time e dei tempi di consegna<br>Riduzione dei costi e aumento del fatturato<\/p>\n\n\n\n<p><strong>PROGETTO COFINANZIATO DAL FONDO EUROPEO DI SVILUPPO REGIONALE.<br>IL SOSTEGNO FINANZIARIO RICEVUTO DALL&#8217;UNIONE EUROPEA<br>\u00c8 DI \u20ac 41.350,00<\/strong><\/p>\n\n\n\n<p>. <\/p>\n","protected":false},"excerpt":{"rendered":"<p>POR MARCHE FESR 2014\/2020 &#8211; ASSE 1 &#8211; AZIONE 1.3 &#8211; INTERVENTO 1.3.1 \u2013 \u201cPromuovere i processi di innovazione aziendale e l\u2019utilizzo di nuove tecnologie digitali\u201d &#8211;&#8230; <\/p>\n","protected":false},"author":1,"featured_media":0,"parent":0,"menu_order":0,"comment_status":"closed","ping_status":"closed","template":"","meta":{"footnotes":""},"class_list":["post-105","page","type-page","status-publish","hentry"],"_links":{"self":[{"href":"https:\/\/www.esserre.it\/index.php\/wp-json\/wp\/v2\/pages\/105","targetHints":{"allow":["GET"]}}],"collection":[{"href":"https:\/\/www.esserre.it\/index.php\/wp-json\/wp\/v2\/pages"}],"about":[{"href":"https:\/\/www.esserre.it\/index.php\/wp-json\/wp\/v2\/types\/page"}],"author":[{"embeddable":true,"href":"https:\/\/www.esserre.it\/index.php\/wp-json\/wp\/v2\/users\/1"}],"replies":[{"embeddable":true,"href":"https:\/\/www.esserre.it\/index.php\/wp-json\/wp\/v2\/comments?post=105"}],"version-history":[{"count":12,"href":"https:\/\/www.esserre.it\/index.php\/wp-json\/wp\/v2\/pages\/105\/revisions"}],"predecessor-version":[{"id":209,"href":"https:\/\/www.esserre.it\/index.php\/wp-json\/wp\/v2\/pages\/105\/revisions\/209"}],"wp:attachment":[{"href":"https:\/\/www.esserre.it\/index.php\/wp-json\/wp\/v2\/media?parent=105"}],"curies":[{"name":"wp","href":"https:\/\/api.w.org\/{rel}","templated":true}]}}