{"id":48,"date":"2024-02-24T17:43:06","date_gmt":"2024-02-24T16:43:06","guid":{"rendered":"https:\/\/www.esserre.it\/?page_id=48"},"modified":"2024-02-24T18:33:01","modified_gmt":"2024-02-24T17:33:01","slug":"index","status":"publish","type":"page","link":"https:\/\/www.esserre.it\/","title":{"rendered":""},"content":{"rendered":"<div class=\"wp-block-image\">\n<figure class=\"aligncenter size-full is-resized\"><img loading=\"lazy\" decoding=\"async\" width=\"680\" height=\"304\" src=\"https:\/\/www.esserre.it\/wp-content\/uploads\/2024\/02\/x-home.jpg\" alt=\"\" class=\"wp-image-51\" style=\"width:1040px;height:auto\" srcset=\"https:\/\/www.esserre.it\/wp-content\/uploads\/2024\/02\/x-home.jpg 680w, https:\/\/www.esserre.it\/wp-content\/uploads\/2024\/02\/x-home-300x134.jpg 300w\" sizes=\"auto, (max-width: 680px) 100vw, 680px\" \/><\/figure>\n<\/div>\n\n\n<div class=\"wp-block-columns is-layout-flex wp-container-core-columns-is-layout-9d6595d7 wp-block-columns-is-layout-flex\">\n<div class=\"wp-block-column is-layout-flow wp-block-column-is-layout-flow\">\n<h2 class=\"wp-block-heading has-text-align-center\"><sup>Professionalit\u00e0<\/sup><\/h2>\n\n\n\n<p>L&#8217;azienda, tecnologicamente sempre al passo con i tempi, offre ai suoi clienti il taglio pelli con sistema computerizzato CAD, che permette di velocizzare anche il lavoro pi\u00f9 difficile in maniera precisa e completa.<\/p>\n\n\n\n<ul class=\"wp-block-list\"><\/ul>\n<\/div>\n\n\n\n<div class=\"wp-block-column is-layout-flow wp-block-column-is-layout-flow\">\n<h2 class=\"wp-block-heading has-text-align-center\">Esperienza<\/h2>\n\n\n\n<p>La qualit\u00e0 \u00e8 al centro della nostra azienda. Ogni pelle \u00e8 selezionata con cura, e ogni taglio \u00e8 eseguito con l&#8217;attenzione ai dettagli che solo con una lunga \u00a0esperienza \u00a0si pu\u00f2 offrire. Collaboriamo con marchi di prestigio e artigiani che cercano l&#8217;eccellenza, contribuendo a trasformare idee in realt\u00e0.<\/p>\n<\/div>\n\n\n\n<div class=\"wp-block-column is-layout-flow wp-block-column-is-layout-flow\">\n<h2 class=\"wp-block-heading has-text-align-center\">Seriet\u00e0<\/h2>\n\n\n\n<p>La seriet\u00e0 per noi non \u00e8 solo un termine, \u00e8 un impegno incondizionato verso i nostri clienti. Ogni commessa \u00e8 eseguita con la massima precisione, cura e attenzione al dettaglio. Questo impegno si riflette nei risultati che offriamo.<\/p>\n\n\n\n<p>La nostra seriet\u00e0 si traduce anche nel rispetto dei tempi di consegna e delle promesse fatte. Comprendiamo l&#8217;importanza di progetti senza intoppi, e ci impegniamo a mantenere la fiducia dei nostri clienti attraverso risultati affidabili.<\/p>\n<\/div>\n<\/div>\n","protected":false},"excerpt":{"rendered":"<p>Professionalit\u00e0 L&#8217;azienda, tecnologicamente sempre al passo con i tempi, offre ai suoi clienti il taglio pelli con sistema computerizzato CAD, che permette di velocizzare anche il lavoro&#8230; <\/p>\n","protected":false},"author":1,"featured_media":0,"parent":0,"menu_order":0,"comment_status":"closed","ping_status":"closed","template":"","meta":{"footnotes":""},"class_list":["post-48","page","type-page","status-publish","hentry"],"_links":{"self":[{"href":"https:\/\/www.esserre.it\/index.php\/wp-json\/wp\/v2\/pages\/48","targetHints":{"allow":["GET"]}}],"collection":[{"href":"https:\/\/www.esserre.it\/index.php\/wp-json\/wp\/v2\/pages"}],"about":[{"href":"https:\/\/www.esserre.it\/index.php\/wp-json\/wp\/v2\/types\/page"}],"author":[{"embeddable":true,"href":"https:\/\/www.esserre.it\/index.php\/wp-json\/wp\/v2\/users\/1"}],"replies":[{"embeddable":true,"href":"https:\/\/www.esserre.it\/index.php\/wp-json\/wp\/v2\/comments?post=48"}],"version-history":[{"count":9,"href":"https:\/\/www.esserre.it\/index.php\/wp-json\/wp\/v2\/pages\/48\/revisions"}],"predecessor-version":[{"id":61,"href":"https:\/\/www.esserre.it\/index.php\/wp-json\/wp\/v2\/pages\/48\/revisions\/61"}],"wp:attachment":[{"href":"https:\/\/www.esserre.it\/index.php\/wp-json\/wp\/v2\/media?parent=48"}],"curies":[{"name":"wp","href":"https:\/\/api.w.org\/{rel}","templated":true}]}}